{"id":91,"date":"2022-02-27T22:19:31","date_gmt":"2022-02-27T21:19:31","guid":{"rendered":"http:\/\/orguedevezelise.fr\/?page_id=91"},"modified":"2022-02-27T22:36:57","modified_gmt":"2022-02-27T21:36:57","slug":"nos-partenaires","status":"publish","type":"page","link":"https:\/\/orguedevezelise.fr\/?page_id=91","title":{"rendered":"Nos partenaires"},"content":{"rendered":"\n<figure class=\"wp-block-table aligncenter\"><table><tbody><tr><td><img decoding=\"async\" loading=\"lazy\" width=\"300\" height=\"115\" class=\"wp-image-139\" style=\"width: 350px;\" src=\"http:\/\/orguedevezelise.fr\/wp-content\/uploads\/2022\/02\/logo_vezelise-300x115-1.png\" alt=\"\"><\/td><td><img decoding=\"async\" loading=\"lazy\" width=\"300\" height=\"93\" class=\"wp-image-140\" style=\"width: 300px;\" src=\"http:\/\/orguedevezelise.fr\/wp-content\/uploads\/2022\/02\/logo-pays-saintois-300x93-1.png\" alt=\"\"><\/td><td><img decoding=\"async\" loading=\"lazy\" width=\"244\" height=\"149\" class=\"wp-image-142\" style=\"width: 150px;\" src=\"http:\/\/orguedevezelise.fr\/wp-content\/uploads\/2022\/02\/Entete_CD54-CouleurOK_0.png\" alt=\"\"><\/td><\/tr><tr><td><a href=\"https:\/\/vezelise.com\/associations-culturelles-et-de-loisirs\/\">Commune de V\u00e9zelise<\/a><\/td><td><a href=\"https:\/\/www.ccpaysdusaintois.fr\/fr\/annuaire-des-associations.html\">communaut\u00e9 de communes du pays de Saintois<\/a><\/td><td>Conseil d\u00e9partemental de Meurthe et Moselle<\/td><\/tr><\/tbody><\/table><figcaption><strong>Partenaires institutionnels<\/strong><\/figcaption><\/figure>\n\n\n\n<figure class=\"wp-block-table aligncenter\"><table><tbody><tr><td><img decoding=\"async\" loading=\"lazy\" width=\"150\" height=\"150\" class=\"wp-image-143\" style=\"width: 150px;\" src=\"http:\/\/orguedevezelise.fr\/wp-content\/uploads\/2022\/02\/koenig-150x150-1.png\" alt=\"\"><\/td><td><img decoding=\"async\" loading=\"lazy\" width=\"300\" height=\"69\" class=\"wp-image-144\" style=\"width: 300px;\" src=\"http:\/\/orguedevezelise.fr\/wp-content\/uploads\/2022\/02\/bandeau-300x69-1.jpg\" alt=\"\"><\/td><td><\/td><\/tr><tr><td>Manufacture d&rsquo;Orgues Yves KOENIG<br>Sarre-Union<br><a href=\"http:\/\/www.orgues-koenig.com\/\">Koenig \u2013 Facteurs d&rsquo;orgues (orgues-koenig.com)<\/a><\/td><td>Association des amis de l&rsquo;orgue de Dongermain<br><a href=\"http:\/\/orguededomgermain.free.fr\/\">L&rsquo;Orgue de Domgermain &#8230; (free.fr)<\/a><\/td><td><\/td><\/tr><\/tbody><\/table><figcaption><strong>Partenaires priv\u00e9s et associatifs<\/strong><\/figcaption><\/figure>\n","protected":false},"excerpt":{"rendered":"<p>Commune de V\u00e9zelise communaut\u00e9 de communes du pays de Saintois Conseil d\u00e9partemental de Meurthe et Moselle Partenaires institutionnels Manufacture d&rsquo;Orgues Yves KOENIGSarre-UnionKoenig \u2013 Facteurs d&rsquo;orgues (orgues-koenig.com) Association des amis de l&rsquo;orgue de DongermainL&rsquo;Orgue de Domgermain &#8230; (free.fr) Partenaires priv\u00e9s et associatifs<\/p>\n","protected":false},"author":1,"featured_media":0,"parent":0,"menu_order":0,"comment_status":"closed","ping_status":"closed","template":"","meta":{"_eb_attr":"","footnotes":""},"_links":{"self":[{"href":"https:\/\/orguedevezelise.fr\/index.php?rest_route=\/wp\/v2\/pages\/91"}],"collection":[{"href":"https:\/\/orguedevezelise.fr\/index.php?rest_route=\/wp\/v2\/pages"}],"about":[{"href":"https:\/\/orguedevezelise.fr\/index.php?rest_route=\/wp\/v2\/types\/page"}],"author":[{"embeddable":true,"href":"https:\/\/orguedevezelise.fr\/index.php?rest_route=\/wp\/v2\/users\/1"}],"replies":[{"embeddable":true,"href":"https:\/\/orguedevezelise.fr\/index.php?rest_route=%2Fwp%2Fv2%2Fcomments&post=91"}],"version-history":[{"count":3,"href":"https:\/\/orguedevezelise.fr\/index.php?rest_route=\/wp\/v2\/pages\/91\/revisions"}],"predecessor-version":[{"id":148,"href":"https:\/\/orguedevezelise.fr\/index.php?rest_route=\/wp\/v2\/pages\/91\/revisions\/148"}],"wp:attachment":[{"href":"https:\/\/orguedevezelise.fr\/index.php?rest_route=%2Fwp%2Fv2%2Fmedia&parent=91"}],"curies":[{"name":"wp","href":"https:\/\/api.w.org\/{rel}","templated":true}]}}