{"id":78,"date":"2022-02-27T22:34:39","date_gmt":"2022-02-27T21:34:39","guid":{"rendered":"http:\/\/orguedevezelise.fr\/?page_id=78"},"modified":"2025-04-17T18:43:01","modified_gmt":"2025-04-17T16:43:01","slug":"__trashed-7","status":"publish","type":"page","link":"https:\/\/orguedevezelise.fr\/?page_id=78","title":{"rendered":"Saison 2025"},"content":{"rendered":"\n<ul>\n<li><strong>Le<\/strong> <strong>20 avril <\/strong>\u00e0 15h, avec l\u2019association Renaissance de Pont Saint Vincent, les le\u00e7ons de t\u00e9n\u00e8bres de Fran\u00e7ois Couperin interpr\u00e9t\u00e9es par <strong>Monique Zanetti <\/strong>( <a href=\"https:\/\/fr.wikipedia.org\/wiki\/Monique_Zanetti\">Monique Zanetti \u2014 Wikip\u00e9dia<\/a> ) et <strong>Laureen Stoulig<\/strong> ( <a href=\"https:\/\/laureenstoulig.fr\/\">Laureen Stoulig-Thinnes Soprano<\/a> ).  <br>Egalement \u00e0 Domgermain le 19 avril.<\/li>\n\n\n\n<li><strong>En mai et juin<\/strong>, visites d\u00e9couverte de l&rsquo;orgue.<\/li>\n<\/ul>\n\n\n\n<ul>\n<li><strong>Le 6 juillet <\/strong>\u00e0 15h, <strong>Sybille<\/strong> <strong>Roth<\/strong>, musique de Jean-Philippe Rameau \u00e0 l\u2019orgue, au clavecin et pas seulement (c\u2019est une surprise)!<\/li>\n<\/ul>\n\n\n\n<ul>\n<li><strong>Le 20 juillet <\/strong><br>14h30 <strong>Daria Burlak <\/strong>( <a href=\"https:\/\/dariaburlak.com\/\">DARIA BURLAK \u2013 ORGANIST \/ PIANIST \/ SINGER<\/a> ), <br>16h30 <strong>Peter<\/strong> <strong>Jan Belder <\/strong>( <a href=\"https:\/\/www.pieterjanbelder.nl\/\">Home &#8211; Pieter-Jan Belder<\/a> ), <br>Dandrieu au clavecin et \u00e0 l\u2019orgue.<\/li>\n<\/ul>\n\n\n\n<ul>\n<li><strong>Le 27 juillet <\/strong>14h 30 <strong>Lidia<\/strong> <strong>Ksi\u0105\u017ckiewicz <\/strong>( <a href=\"https:\/\/www.lidiaksiazkiewicz.com\/portrait\">Artiste | site<\/a> ) \u00e0 l\u2019orgue et \u00e0 l\u2019harmonium, 16h 30 <strong>Jan Willem Jansen<\/strong> ( <a href=\"https:\/\/fr.wikipedia.org\/wiki\/Jan-Willem_Jansen\">Jan-Willem Jansen \u2014 Wikip\u00e9dia<\/a> ), l\u2019art de la fugue de J.S. Bach.<\/li>\n<\/ul>\n\n\n\n<ul>\n<li><strong>Le vendredi 1er ao\u00fbt <\/strong>\u00e0 17h (\u00e0 confirmer),  l&rsquo;ensemble baroque, <strong>Fiamma<\/strong> <strong>e Fuoco<\/strong> ( <a href=\"https:\/\/www.hervelesvenan.bzh\/webinar-registration-1\">FIAMMA &amp; FOCO | herve-lesvenan<\/a> ), qui jouera \u00e9galement \u00e0 Domgermain.<\/li>\n<\/ul>\n\n\n\n<ul>\n<li><strong>Le 14 septembre<\/strong>, inauguration du 2e harmonium Alexandre par <strong>Jean<\/strong>&#8211;<strong>Luc Perrot<\/strong> ( <a href=\"https:\/\/fr.wikipedia.org\/wiki\/Jean-Luc_Perrot\">Jean-Luc Perrot \u2014 Wikip\u00e9dia<\/a> ) et <strong>Dominique Dantand<\/strong> accompagn\u00e9s de deux chanteuses sur un r\u00e9pertoire de compositrices.<\/li>\n<\/ul>\n\n\n\n<ul>\n<li><strong>Le 28 septembre<\/strong>, Saints C\u00f4me et Damien. Cr\u00e9ation mondiale d\u2019une \u0153uvre pour orgue de Sylvain Boudou par <strong>Marie<\/strong>&#8211;<strong>Agn\u00e8s<\/strong> <strong>Grall<\/strong>&#8211;<strong>Menet <\/strong>( <a href=\"https:\/\/marieagnesgrall-menet.fr\/\">Marie-Agn\u00e8s GRALL-MENET \u2013 Organiste concertiste \u2013 Titulaire du Grand Orgue de Saint Nicolas du Chardonnet (Paris)<\/a> ). Ce sera le concert solidaire de la saison.<\/li>\n<\/ul>\n\n\n\n<p class=\"has-text-align-center\"><strong>_________________________________________________<\/strong><\/p>\n","protected":false},"excerpt":{"rendered":"<p>_________________________________________________<\/p>\n","protected":false},"author":1,"featured_media":0,"parent":76,"menu_order":1,"comment_status":"closed","ping_status":"closed","template":"","meta":{"_eb_attr":"","footnotes":""},"_links":{"self":[{"href":"https:\/\/orguedevezelise.fr\/index.php?rest_route=\/wp\/v2\/pages\/78"}],"collection":[{"href":"https:\/\/orguedevezelise.fr\/index.php?rest_route=\/wp\/v2\/pages"}],"about":[{"href":"https:\/\/orguedevezelise.fr\/index.php?rest_route=\/wp\/v2\/types\/page"}],"author":[{"embeddable":true,"href":"https:\/\/orguedevezelise.fr\/index.php?rest_route=\/wp\/v2\/users\/1"}],"replies":[{"embeddable":true,"href":"https:\/\/orguedevezelise.fr\/index.php?rest_route=%2Fwp%2Fv2%2Fcomments&post=78"}],"version-history":[{"count":27,"href":"https:\/\/orguedevezelise.fr\/index.php?rest_route=\/wp\/v2\/pages\/78\/revisions"}],"predecessor-version":[{"id":862,"href":"https:\/\/orguedevezelise.fr\/index.php?rest_route=\/wp\/v2\/pages\/78\/revisions\/862"}],"up":[{"embeddable":true,"href":"https:\/\/orguedevezelise.fr\/index.php?rest_route=\/wp\/v2\/pages\/76"}],"wp:attachment":[{"href":"https:\/\/orguedevezelise.fr\/index.php?rest_route=%2Fwp%2Fv2%2Fmedia&parent=78"}],"curies":[{"name":"wp","href":"https:\/\/api.w.org\/{rel}","templated":true}]}}