{"id":76,"date":"2022-02-27T22:34:39","date_gmt":"2022-02-27T21:34:39","guid":{"rendered":"http:\/\/orguedevezelise.fr\/?page_id=76"},"modified":"2022-02-28T18:04:37","modified_gmt":"2022-02-28T17:04:37","slug":"__trashed-5","status":"publish","type":"page","link":"https:\/\/orguedevezelise.fr\/?page_id=76","title":{"rendered":"Les concerts"},"content":{"rendered":"\n<p class=\"has-text-align-center\"><strong>Chaque ann\u00e9e, l&rsquo;association des Amis de l&rsquo;Orgue de V\u00e9zelise propose un programme de concerts autour de l&rsquo;Orgue K\u00fcttinger en invitant des organistes renomm\u00e9s \u00e0 se produire ainsi que d&rsquo;autres artistes lyriques ou instrumentistes ou des formations musicales.<br>Dominique Dantan nous fait entendre r\u00e9guli\u00e8rement des \u0153uvres oubli\u00e9es et parfois in\u00e9dites comme par exemple celles de Jean-Baptiste N\u00f4tre organiste de la cath\u00e9drale de Toul \u00e0 l&rsquo;\u00e9poque o\u00f9 l&rsquo;Orgue de V\u00e9zelise fut construit.<\/strong><\/p>\n","protected":false},"excerpt":{"rendered":"<p>Chaque ann\u00e9e, l&rsquo;association des Amis de l&rsquo;Orgue de V\u00e9zelise propose un programme de concerts autour de l&rsquo;Orgue K\u00fcttinger en invitant des organistes renomm\u00e9s \u00e0 se produire ainsi que d&rsquo;autres artistes lyriques ou instrumentistes ou des formations musicales.Dominique Dantan nous fait entendre r\u00e9guli\u00e8rement des \u0153uvres oubli\u00e9es et parfois in\u00e9dites comme par exemple celles de Jean-Baptiste N\u00f4tre&hellip; <a class=\"more-link\" href=\"https:\/\/orguedevezelise.fr\/?page_id=76\">Poursuivre la lecture <span class=\"screen-reader-text\">Les concerts<\/span><\/a><\/p>\n","protected":false},"author":1,"featured_media":0,"parent":0,"menu_order":0,"comment_status":"closed","ping_status":"closed","template":"","meta":{"_eb_attr":"","footnotes":""},"_links":{"self":[{"href":"https:\/\/orguedevezelise.fr\/index.php?rest_route=\/wp\/v2\/pages\/76"}],"collection":[{"href":"https:\/\/orguedevezelise.fr\/index.php?rest_route=\/wp\/v2\/pages"}],"about":[{"href":"https:\/\/orguedevezelise.fr\/index.php?rest_route=\/wp\/v2\/types\/page"}],"author":[{"embeddable":true,"href":"https:\/\/orguedevezelise.fr\/index.php?rest_route=\/wp\/v2\/users\/1"}],"replies":[{"embeddable":true,"href":"https:\/\/orguedevezelise.fr\/index.php?rest_route=%2Fwp%2Fv2%2Fcomments&post=76"}],"version-history":[{"count":2,"href":"https:\/\/orguedevezelise.fr\/index.php?rest_route=\/wp\/v2\/pages\/76\/revisions"}],"predecessor-version":[{"id":161,"href":"https:\/\/orguedevezelise.fr\/index.php?rest_route=\/wp\/v2\/pages\/76\/revisions\/161"}],"wp:attachment":[{"href":"https:\/\/orguedevezelise.fr\/index.php?rest_route=%2Fwp%2Fv2%2Fmedia&parent=76"}],"curies":[{"name":"wp","href":"https:\/\/api.w.org\/{rel}","templated":true}]}}