{"id":257,"date":"2022-06-05T16:32:50","date_gmt":"2022-06-05T14:32:50","guid":{"rendered":"http:\/\/orguedevezelise.fr\/?page_id=257"},"modified":"2024-04-10T19:10:17","modified_gmt":"2024-04-10T17:10:17","slug":"lorganiste-titulaire","status":"publish","type":"page","link":"https:\/\/orguedevezelise.fr\/?page_id=257","title":{"rendered":"l&rsquo;organiste titulaire"},"content":{"rendered":"\n<figure class=\"wp-block-image size-large\"><img decoding=\"async\" src=\"http:\/\/orguedevezelise.fr\/wp-content\/uploads\/2023\/04\/OIP.jpg\" alt=\"\"\/><\/figure>\n\n\n\n<p>Dominique Dantand a fait ses \u00e9tudes sup\u00e9rieures \u00e0 Nancy, o\u00f9 il est professeur d&rsquo;Histoire-G\u00e9ographie. Docteur en Histoire m\u00e9di\u00e9vale, on lui doit l&rsquo;\u00e9dition et la traduction de la Chronique de Richer de Senones (XIII\u00e8me si\u00e8cle).<br>Parall\u00e8lement, il a suivi l&rsquo;enseignement de l&rsquo;orgue aupr\u00e8s de Robert ROGIER puis de Pierre CORTELEZZI au CNR de Nancy.<\/p>\n\n\n\n<p>Titulaire des grandes orgues de St Vincent-St Fiacre (Nancy), de l&rsquo;orgue historique de V\u00e9zelise (54), mais aussi claveciniste, il est fr\u00e9quemment sollicit\u00e9 pour donner des concerts en France et \u00e0 l&rsquo;\u00e9tranger. Il s&rsquo;est produit \u00e0 la Chaise-Dieu et au festival des orgues historiques des Bal\u00e9ares\u2026.. Il a r\u00e9guli\u00e8rement remplac\u00e9 son ma\u00eetre et ami Pierre Cortellezzi au grand orgue de la cath\u00e9drale de Nancy.<\/p>\n\n\n\n<p>A c\u00f4t\u00e9 des grandes pages de la litt\u00e9rature organistique, il \u00e9prouve un r\u00e9el plaisir tant \u00e0 faire d\u00e9couvrir des pages inattendues d&rsquo;auteurs ignor\u00e9s ou m\u00e9pris\u00e9s, qu&rsquo;\u00e0 accompagner ses amis instrumentistes (trompette, fl\u00fbte, alto, harpe celtique, violoncelle, cor des Alpes, hautbois), ou chanteurs. Il a \u00e9t\u00e9 \u00e9galement charg\u00e9 de cours d&rsquo;histoire de la musique \u00e0 l&rsquo;Universit\u00e9 de Nancy 2.<\/p>\n","protected":false},"excerpt":{"rendered":"<p>Dominique Dantand a fait ses \u00e9tudes sup\u00e9rieures \u00e0 Nancy, o\u00f9 il est professeur d&rsquo;Histoire-G\u00e9ographie. Docteur en Histoire m\u00e9di\u00e9vale, on lui doit l&rsquo;\u00e9dition et la traduction de la Chronique de Richer de Senones (XIII\u00e8me si\u00e8cle).Parall\u00e8lement, il a suivi l&rsquo;enseignement de l&rsquo;orgue aupr\u00e8s de Robert ROGIER puis de Pierre CORTELEZZI au CNR de Nancy. Titulaire des grandes&hellip; <a class=\"more-link\" href=\"https:\/\/orguedevezelise.fr\/?page_id=257\">Poursuivre la lecture <span class=\"screen-reader-text\">l&rsquo;organiste titulaire<\/span><\/a><\/p>\n","protected":false},"author":1,"featured_media":0,"parent":101,"menu_order":2,"comment_status":"closed","ping_status":"closed","template":"","meta":{"_eb_attr":"","footnotes":""},"_links":{"self":[{"href":"https:\/\/orguedevezelise.fr\/index.php?rest_route=\/wp\/v2\/pages\/257"}],"collection":[{"href":"https:\/\/orguedevezelise.fr\/index.php?rest_route=\/wp\/v2\/pages"}],"about":[{"href":"https:\/\/orguedevezelise.fr\/index.php?rest_route=\/wp\/v2\/types\/page"}],"author":[{"embeddable":true,"href":"https:\/\/orguedevezelise.fr\/index.php?rest_route=\/wp\/v2\/users\/1"}],"replies":[{"embeddable":true,"href":"https:\/\/orguedevezelise.fr\/index.php?rest_route=%2Fwp%2Fv2%2Fcomments&post=257"}],"version-history":[{"count":4,"href":"https:\/\/orguedevezelise.fr\/index.php?rest_route=\/wp\/v2\/pages\/257\/revisions"}],"predecessor-version":[{"id":647,"href":"https:\/\/orguedevezelise.fr\/index.php?rest_route=\/wp\/v2\/pages\/257\/revisions\/647"}],"up":[{"embeddable":true,"href":"https:\/\/orguedevezelise.fr\/index.php?rest_route=\/wp\/v2\/pages\/101"}],"wp:attachment":[{"href":"https:\/\/orguedevezelise.fr\/index.php?rest_route=%2Fwp%2Fv2%2Fmedia&parent=257"}],"curies":[{"name":"wp","href":"https:\/\/api.w.org\/{rel}","templated":true}]}}