{"id":178,"date":"2022-02-28T19:00:58","date_gmt":"2022-02-28T18:00:58","guid":{"rendered":"http:\/\/orguedevezelise.fr\/?page_id=178"},"modified":"2025-07-25T19:56:28","modified_gmt":"2025-07-25T17:56:28","slug":"cdtheque","status":"publish","type":"page","link":"https:\/\/orguedevezelise.fr\/?page_id=178","title":{"rendered":"CDth\u00e8que"},"content":{"rendered":"\n<p>Enregistr\u00e9 en 2000, avant restauration:<\/p>\n\n\n\n<figure class=\"wp-block-image size-large\"><img decoding=\"async\" loading=\"lazy\" width=\"1024\" height=\"489\" src=\"http:\/\/orguedevezelise.fr\/wp-content\/uploads\/2022\/03\/CD-Orgue-001-1024x489.jpg\" alt=\"\" class=\"wp-image-196\" srcset=\"https:\/\/orguedevezelise.fr\/wp-content\/uploads\/2022\/03\/CD-Orgue-001-1024x489.jpg 1024w, https:\/\/orguedevezelise.fr\/wp-content\/uploads\/2022\/03\/CD-Orgue-001-300x143.jpg 300w, https:\/\/orguedevezelise.fr\/wp-content\/uploads\/2022\/03\/CD-Orgue-001-768x366.jpg 768w, https:\/\/orguedevezelise.fr\/wp-content\/uploads\/2022\/03\/CD-Orgue-001-1536x733.jpg 1536w, https:\/\/orguedevezelise.fr\/wp-content\/uploads\/2022\/03\/CD-Orgue-001-2048x977.jpg 2048w, https:\/\/orguedevezelise.fr\/wp-content\/uploads\/2022\/03\/CD-Orgue-001-1568x748.jpg 1568w\" sizes=\"(max-width: 1024px) 100vw, 1024px\" \/><\/figure>\n\n\n\n<p>Enregistr\u00e9 en 2007, apr\u00e8s restauration:<\/p>\n\n\n\n<figure class=\"wp-block-image size-large\"><img decoding=\"async\" loading=\"lazy\" width=\"1024\" height=\"471\" src=\"http:\/\/orguedevezelise.fr\/wp-content\/uploads\/2022\/03\/CD-Orgue-002-1024x471.jpg\" alt=\"\" class=\"wp-image-197\" srcset=\"https:\/\/orguedevezelise.fr\/wp-content\/uploads\/2022\/03\/CD-Orgue-002-1024x471.jpg 1024w, https:\/\/orguedevezelise.fr\/wp-content\/uploads\/2022\/03\/CD-Orgue-002-300x138.jpg 300w, https:\/\/orguedevezelise.fr\/wp-content\/uploads\/2022\/03\/CD-Orgue-002-768x353.jpg 768w, https:\/\/orguedevezelise.fr\/wp-content\/uploads\/2022\/03\/CD-Orgue-002-1536x706.jpg 1536w, https:\/\/orguedevezelise.fr\/wp-content\/uploads\/2022\/03\/CD-Orgue-002-2048x941.jpg 2048w, https:\/\/orguedevezelise.fr\/wp-content\/uploads\/2022\/03\/CD-Orgue-002-1568x721.jpg 1568w\" sizes=\"(max-width: 1024px) 100vw, 1024px\" \/><\/figure>\n\n\n\n<p>Enregistr\u00e9 en 2010:<\/p>\n\n\n\n<figure class=\"wp-block-image size-large\"><img decoding=\"async\" loading=\"lazy\" width=\"1024\" height=\"471\" src=\"http:\/\/orguedevezelise.fr\/wp-content\/uploads\/2022\/03\/CD-Orgue-003-1024x471.jpg\" alt=\"\" class=\"wp-image-198\" srcset=\"https:\/\/orguedevezelise.fr\/wp-content\/uploads\/2022\/03\/CD-Orgue-003-1024x471.jpg 1024w, https:\/\/orguedevezelise.fr\/wp-content\/uploads\/2022\/03\/CD-Orgue-003-300x138.jpg 300w, https:\/\/orguedevezelise.fr\/wp-content\/uploads\/2022\/03\/CD-Orgue-003-768x353.jpg 768w, https:\/\/orguedevezelise.fr\/wp-content\/uploads\/2022\/03\/CD-Orgue-003-1536x706.jpg 1536w, https:\/\/orguedevezelise.fr\/wp-content\/uploads\/2022\/03\/CD-Orgue-003-2048x941.jpg 2048w, https:\/\/orguedevezelise.fr\/wp-content\/uploads\/2022\/03\/CD-Orgue-003-1568x721.jpg 1568w\" sizes=\"(max-width: 1024px) 100vw, 1024px\" \/><\/figure>\n\n\n\n<p>Enregistr\u00e9 en 2016:<\/p>\n\n\n\n<figure class=\"wp-block-image size-large\"><img decoding=\"async\" loading=\"lazy\" width=\"1024\" height=\"474\" src=\"http:\/\/orguedevezelise.fr\/wp-content\/uploads\/2022\/03\/CD-Orgue-004-1024x474.jpg\" alt=\"\" class=\"wp-image-199\" srcset=\"https:\/\/orguedevezelise.fr\/wp-content\/uploads\/2022\/03\/CD-Orgue-004-1024x474.jpg 1024w, https:\/\/orguedevezelise.fr\/wp-content\/uploads\/2022\/03\/CD-Orgue-004-300x139.jpg 300w, https:\/\/orguedevezelise.fr\/wp-content\/uploads\/2022\/03\/CD-Orgue-004-768x356.jpg 768w, https:\/\/orguedevezelise.fr\/wp-content\/uploads\/2022\/03\/CD-Orgue-004-1536x712.jpg 1536w, https:\/\/orguedevezelise.fr\/wp-content\/uploads\/2022\/03\/CD-Orgue-004-2048x949.jpg 2048w, https:\/\/orguedevezelise.fr\/wp-content\/uploads\/2022\/03\/CD-Orgue-004-1568x726.jpg 1568w\" sizes=\"(max-width: 1024px) 100vw, 1024px\" \/><\/figure>\n\n\n\n<p>Enregistr\u00e9 en 2021:<\/p>\n\n\n\n<figure class=\"wp-block-image size-large\"><img decoding=\"async\" loading=\"lazy\" width=\"1024\" height=\"474\" src=\"http:\/\/orguedevezelise.fr\/wp-content\/uploads\/2022\/03\/CD-Orgue-005-1024x474.jpg\" alt=\"\" class=\"wp-image-200\" srcset=\"https:\/\/orguedevezelise.fr\/wp-content\/uploads\/2022\/03\/CD-Orgue-005-1024x474.jpg 1024w, https:\/\/orguedevezelise.fr\/wp-content\/uploads\/2022\/03\/CD-Orgue-005-300x139.jpg 300w, https:\/\/orguedevezelise.fr\/wp-content\/uploads\/2022\/03\/CD-Orgue-005-768x356.jpg 768w, https:\/\/orguedevezelise.fr\/wp-content\/uploads\/2022\/03\/CD-Orgue-005-1536x712.jpg 1536w, https:\/\/orguedevezelise.fr\/wp-content\/uploads\/2022\/03\/CD-Orgue-005-2048x949.jpg 2048w, https:\/\/orguedevezelise.fr\/wp-content\/uploads\/2022\/03\/CD-Orgue-005-1568x726.jpg 1568w\" sizes=\"(max-width: 1024px) 100vw, 1024px\" \/><\/figure>\n\n\n\n<p>Enregistr\u00e9 en 2019, publi\u00e9 en 2023:<\/p>\n\n\n\n<figure class=\"wp-block-image size-large\"><img decoding=\"async\" loading=\"lazy\" width=\"1024\" height=\"447\" src=\"http:\/\/orguedevezelise.fr\/wp-content\/uploads\/2023\/11\/2023-11-24-001-1024x447.jpg\" alt=\"\" class=\"wp-image-620\" srcset=\"https:\/\/orguedevezelise.fr\/wp-content\/uploads\/2023\/11\/2023-11-24-001-1024x447.jpg 1024w, https:\/\/orguedevezelise.fr\/wp-content\/uploads\/2023\/11\/2023-11-24-001-300x131.jpg 300w, https:\/\/orguedevezelise.fr\/wp-content\/uploads\/2023\/11\/2023-11-24-001-768x336.jpg 768w, https:\/\/orguedevezelise.fr\/wp-content\/uploads\/2023\/11\/2023-11-24-001-1536x671.jpg 1536w, https:\/\/orguedevezelise.fr\/wp-content\/uploads\/2023\/11\/2023-11-24-001-2048x895.jpg 2048w, https:\/\/orguedevezelise.fr\/wp-content\/uploads\/2023\/11\/2023-11-24-001-1568x685.jpg 1568w\" sizes=\"(max-width: 1024px) 100vw, 1024px\" \/><\/figure>\n\n\n\n<p class=\"has-text-align-center\"><strong>_______________________________________________________<\/strong><\/p>\n\n\n\n<p class=\"has-text-align-center\">Vous pouvez acqu\u00e9rir ces disques en contactant Jean Fran\u00e7ois AUBRY, tr\u00e9sorier de l&rsquo;association des Amis de l&rsquo;Orgue de V\u00e9zelise:<\/p>\n\n\n\n<p class=\"has-text-align-center\">jfaubry@free.fr<\/p>\n","protected":false},"excerpt":{"rendered":"<p>Enregistr\u00e9 en 2000, avant restauration: Enregistr\u00e9 en 2007, apr\u00e8s restauration: Enregistr\u00e9 en 2010: Enregistr\u00e9 en 2016: Enregistr\u00e9 en 2021: Enregistr\u00e9 en 2019, publi\u00e9 en 2023: _______________________________________________________ Vous pouvez acqu\u00e9rir ces disques en contactant Jean Fran\u00e7ois AUBRY, tr\u00e9sorier de l&rsquo;association des Amis de l&rsquo;Orgue de V\u00e9zelise: jfaubry@free.fr<\/p>\n","protected":false},"author":1,"featured_media":0,"parent":76,"menu_order":3,"comment_status":"closed","ping_status":"closed","template":"","meta":{"_eb_attr":"","footnotes":""},"_links":{"self":[{"href":"https:\/\/orguedevezelise.fr\/index.php?rest_route=\/wp\/v2\/pages\/178"}],"collection":[{"href":"https:\/\/orguedevezelise.fr\/index.php?rest_route=\/wp\/v2\/pages"}],"about":[{"href":"https:\/\/orguedevezelise.fr\/index.php?rest_route=\/wp\/v2\/types\/page"}],"author":[{"embeddable":true,"href":"https:\/\/orguedevezelise.fr\/index.php?rest_route=\/wp\/v2\/users\/1"}],"replies":[{"embeddable":true,"href":"https:\/\/orguedevezelise.fr\/index.php?rest_route=%2Fwp%2Fv2%2Fcomments&post=178"}],"version-history":[{"count":7,"href":"https:\/\/orguedevezelise.fr\/index.php?rest_route=\/wp\/v2\/pages\/178\/revisions"}],"predecessor-version":[{"id":950,"href":"https:\/\/orguedevezelise.fr\/index.php?rest_route=\/wp\/v2\/pages\/178\/revisions\/950"}],"up":[{"embeddable":true,"href":"https:\/\/orguedevezelise.fr\/index.php?rest_route=\/wp\/v2\/pages\/76"}],"wp:attachment":[{"href":"https:\/\/orguedevezelise.fr\/index.php?rest_route=%2Fwp%2Fv2%2Fmedia&parent=178"}],"curies":[{"name":"wp","href":"https:\/\/api.w.org\/{rel}","templated":true}]}}